{"id":705,"date":"2017-09-18T10:46:12","date_gmt":"2017-09-18T10:46:12","guid":{"rendered":"http:\/\/promo-theme.com\/novo\/white\/?page_id=705"},"modified":"2021-01-17T18:51:41","modified_gmt":"2021-01-17T17:51:41","slug":"about-us","status":"publish","type":"page","link":"https:\/\/fotokreacija.com\/hr\/about-us\/","title":{"rendered":"O nama"},"content":{"rendered":"<div class=\"wpb-content-wrapper\"><div class=\"vc_row wpb_row vc_row-fluid vc_row-6a087f30c937d\"><div class=\"wpb_column vc_column_container vc_col-sm-12 vc_row-6a087f30c9cb8\"><div class=\"vc_column-inner\"><div class=\"wpb_wrapper\"><h4 style=\"text-align: left\" class=\"vc_custom_heading wpb_animate_when_almost_visible wpb_slideInRight slideInRight\" >O nama<\/h4><div class=\"vc_separator wpb_content_element vc_separator_align_center vc_sep_width_100 vc_sep_pos_align_center vc_separator_no_text vc_sep_color_grey\" ><span class=\"vc_sep_holder vc_sep_holder_l\"><span class=\"vc_sep_line\"><\/span><\/span><span class=\"vc_sep_holder vc_sep_holder_r\"><span class=\"vc_sep_line\"><\/span><\/span>\n<\/div><\/div><\/div><\/div><\/div><div class=\"vc_row wpb_row vc_row-fluid vc_custom_1505137157448 vc_row-6a087f30caecb vc_row-o-equal-height vc_row-o-content-middle vc_row-flex\"><div class=\"wpb_animate_when_almost_visible wpb_fadeInLeft fadeInLeft wpb_column vc_column_container vc_col-sm-6 vc_row-5d71082af2b68 vc_col-has-fill\"><div class=\"vc_column-inner vc_custom_1567688761820\"><div class=\"wpb_wrapper\"><\/div><\/div><\/div><div class=\"wpb_animate_when_almost_visible wpb_fadeInRight fadeInRight wpb_column vc_column_container vc_col-sm-6 vc_row-5d710811cd7bf vc_col-has-fill\"><div class=\"vc_column-inner vc_custom_1567688734159\"><div class=\"wpb_wrapper\">      <div class=\"heading-block heading-5d67b7780c108 tal h-h3 with-line vc_custom_1592432225196\">\n                  <h3 class=\"h\">Fotokreacija<br \/>\n<span>foto-video-graf<\/span><\/h3>\n              <\/div>\n    \n\t<div class=\"wpb_text_column wpb_content_element\" >\n\t\t<div class=\"wpb_wrapper\">\n\t\t\t<p><span style=\"font-size: 14px;\">Inspirirano Vama, kreirano za Vas<\/span><\/p>\n<p><span style=\"font-size: 12px;\">Fotokreacija\u00ae je foto \u2013 video studio namijenjen vjen\u010danoj fotografiji, ali s jednakom stra\u0161\u0107u odnosimo se prema svim vrstama fotografije kao i videu.<\/span><br \/>\n<span style=\"font-size: 12px;\">Jedan dio tima je svjetski poznati fotograf sa preko 600 me\u0111unarodnih nagrada, najnagra\u0111ivaniji hrvatski autor, Sony ambasador, te priznat umjetnik i od strane ULUPUH-a, dok je drugi dio tima, uz fotografiju, specijaliziran za dizajn, marketing, pripremu za tisak i svu ostalu logistiku.  Simbiozom je stvoren tim koji neprestano ula\u017ee u svoje znanje, kvalitete, vrhunsku opremu te prati Va\u0161e potrebe i nikoga ne ostavlja ravnodu\u0161nim. Potvrda svemu tome su mnogi zadovoljni korisnici na\u0161ih usluga, \u0161to je ujedno i na\u0161 cilj.<\/span><br \/>\n<span style=\"font-size: 12px;\">Zavirite u na\u0161e galerije, pogledajte na\u0161e radove i obratite nam se s povjerenjem.<\/span><\/p>\n\n\t\t<\/div>\n\t<\/div>\n<\/div><\/div><\/div><\/div><div class=\"vc_row wpb_row vc_row-fluid vc_custom_1505376354305 vc_row-6a087f30cb497 vc_row-o-equal-height vc_row-o-content-middle vc_row-flex\"><div class=\"wpb_animate_when_almost_visible wpb_fadeInLeft fadeInLeft wpb_column vc_column_container vc_col-sm-6 vc_row-5d71082076914 vc_col-has-fill\"><div class=\"vc_column-inner vc_custom_1567688740788\"><div class=\"wpb_wrapper\">      <div class=\"heading-block heading-5d67b7d65a517 tal h-h3 with-line vc_custom_1567078363225\">\n                  <h3 class=\"h\">Vje\u0161tine<\/h3>\n              <\/div>\n    <div class=\"vc_row wpb_row vc_inner vc_row-fluid\"><div class=\"wpb_column vc_column_container vc_col-sm-6\"><div class=\"vc_column-inner\"><div class=\"wpb_wrapper\"><div class=\"skill-item  wpb_animate_when_almost_visible wpb_fadeIn fadeIn\"><figure class=\"chart\" data-percent=\"95\"><figcaption>95%<\/figcaption><svg width=\"60\" height=\"60\"><circle class=\"outer\" cx=\"160\" cy=\"29\" r=\"28\" transform=\"rotate(-90, 95, 95)\"\/><\/svg><\/figure><h6>Vjen\u010danja<\/h6><p>Svako vjen\u010danje je jedinstveno. Stoga svakom pristupamo individualno.<\/p><\/div><\/div><\/div><\/div><div class=\"wpb_column vc_column_container vc_col-sm-6\"><div class=\"vc_column-inner\"><div class=\"wpb_wrapper\"><div class=\"skill-item\"><figure class=\"chart\" data-percent=\"90\"><figcaption>90%<\/figcaption><svg width=\"60\" height=\"60\"><circle class=\"outer\" cx=\"160\" cy=\"29\" r=\"28\" transform=\"rotate(-90, 95, 95)\"\/><\/svg><\/figure><h6>Portreti<\/h6><p>Vi u najboljem izdanju, jer Vi zaslu\u017eujete samo najbolje!<\/p><\/div><\/div><\/div><\/div><\/div><div class=\"vc_row wpb_row vc_inner vc_row-fluid\"><div class=\"wpb_column vc_column_container vc_col-sm-6\"><div class=\"vc_column-inner\"><div class=\"wpb_wrapper\"><div class=\"skill-item\"><figure class=\"chart\" data-percent=\"85\"><figcaption>85%<\/figcaption><svg width=\"60\" height=\"60\"><circle class=\"outer\" cx=\"160\" cy=\"29\" r=\"28\" transform=\"rotate(-90, 95, 95)\"\/><\/svg><\/figure><h6>Obitelj &amp; djeca<\/h6><p>Uspomene bez videa ili fotografije blijede.<\/p><\/div><\/div><\/div><\/div><div class=\"wpb_column vc_column_container vc_col-sm-6\"><div class=\"vc_column-inner\"><div class=\"wpb_wrapper\"><div class=\"skill-item\"><figure class=\"chart\" data-percent=\"80\"><figcaption>80%<\/figcaption><svg width=\"60\" height=\"60\"><circle class=\"outer\" cx=\"160\" cy=\"29\" r=\"28\" transform=\"rotate(-90, 95, 95)\"\/><\/svg><\/figure><h6>Reklamna<\/h6><p>Reklamna fotografija s potpisom umjetnosti.<\/p><\/div><\/div><\/div><\/div><\/div><\/div><\/div><\/div><div class=\"wpb_animate_when_almost_visible wpb_fadeInRight fadeInRight wpb_column vc_column_container vc_col-sm-6 vc_row-5d71083c9fb97 vc_col-has-fill\"><div class=\"vc_column-inner vc_custom_1567688778728\"><div class=\"wpb_wrapper\"><\/div><\/div><\/div><\/div><div class=\"vc_row wpb_row vc_row-fluid vc_row-6a087f30cbe90\"><div class=\"wpb_animate_when_almost_visible wpb_fadeIn fadeIn wpb_column vc_column_container vc_col-sm-12 vc_row-6a087f30cc0f6\"><div class=\"vc_column-inner vc_custom_1506084142423\"><div class=\"wpb_wrapper\">      <div class=\"heading-block heading-5d67b7e3a17a4 tac h-h2 with-line vc_custom_1592433276595\">\n                  <h2 class=\"h\">Za\u0161to odabrati nas?<\/h2>\n              <\/div>\n    <div class=\"vc_row wpb_row vc_inner vc_row-fluid vc_row-o-equal-height vc_row-flex\"><div class=\"wpb_column vc_column_container vc_col-sm-4\"><div class=\"vc_column-inner vc_custom_1505483962485\"><div class=\"wpb_wrapper\"><div class=\"vc_icon_element vc_icon_element-outer vc_icon_element-align-center vc_icon_element-have-style\"><div class=\"vc_icon_element-inner vc_icon_element-color-custom vc_icon_element-have-style-inner vc_icon_element-size-xl vc_icon_element-style-rounded-outline vc_icon_element-outline vc_icon_element-background-color-custom\"  style=\"border-color:#c48f56\"><span class=\"vc_icon_element-icon fas fa-trophy\" style=\"color: !important\"><\/span><\/div><\/div>\n\t<div class=\"wpb_text_column wpb_content_element\" >\n\t\t<div class=\"wpb_wrapper\">\n\t\t\t<h6 style=\"text-align: center;\"><span style=\"text-transform: uppercase;\">VI\u0160ESTRUKO NAGRA\u0110IVAN<\/span><\/h6>\n<p style=\"text-align: center;\"><span style=\"font-size: 14px;\"><em><span style=\"font-weight: 300;\">Vi\u0161e od 600 me\u0111unarodnih nagrada.<\/span><\/em><\/span><\/p>\n\n\t\t<\/div>\n\t<\/div>\n<\/div><\/div><\/div><div class=\"wpb_column vc_column_container vc_col-sm-4\"><div class=\"vc_column-inner vc_custom_1505483969540\"><div class=\"wpb_wrapper\"><div class=\"vc_icon_element vc_icon_element-outer vc_icon_element-align-center vc_icon_element-have-style\"><div class=\"vc_icon_element-inner vc_icon_element-color-custom vc_icon_element-have-style-inner vc_icon_element-size-xl vc_icon_element-style-rounded-outline vc_icon_element-outline vc_icon_element-background-color-custom\"  style=\"border-color:#c48f56\"><span class=\"vc_icon_element-icon fas fa-camera\" style=\"color: !important\"><\/span><\/div><\/div>\n\t<div class=\"wpb_text_column wpb_content_element\" >\n\t\t<div class=\"wpb_wrapper\">\n\t\t\t<h6 style=\"text-align: center;\"><span style=\"text-transform: uppercase;\">VRHUNSKA OPREMA<br \/>\n<\/span><\/h6>\n<p style=\"text-align: center;\"><span style=\"font-size: 14px;\"><em><span style=\"font-weight: 300;\">Najsuvremenija foto oprema i najbolja optika.<\/span><\/em><\/span><\/p>\n\n\t\t<\/div>\n\t<\/div>\n<\/div><\/div><\/div><div class=\"wpb_column vc_column_container vc_col-sm-4\"><div class=\"vc_column-inner vc_custom_1505483974400\"><div class=\"wpb_wrapper\"><div class=\"vc_icon_element vc_icon_element-outer vc_icon_element-align-center vc_icon_element-have-style\"><div class=\"vc_icon_element-inner vc_icon_element-color-custom vc_icon_element-have-style-inner vc_icon_element-size-xl vc_icon_element-style-rounded-outline vc_icon_element-outline vc_icon_element-background-color-custom\"  style=\"border-color:#c48f56\"><span class=\"vc_icon_element-icon far fa-eye\" style=\"color: !important\"><\/span><\/div><\/div>\n\t<div class=\"wpb_text_column wpb_content_element\" >\n\t\t<div class=\"wpb_wrapper\">\n\t\t\t<h6 style=\"text-align: center;\">JEDINSTVENA VIZIJA<\/h6>\n<p style=\"text-align: center;\"><span style=\"font-size: 14px;\"><em><span style=\"font-weight: 300;\">Svemu se pristupa individualno i sa puno strasti.<\/span><\/em><\/span><\/p>\n\n\t\t<\/div>\n\t<\/div>\n<\/div><\/div><\/div><div class=\"wpb_column vc_column_container vc_col-sm-4\"><div class=\"vc_column-inner vc_custom_1505483979333\"><div class=\"wpb_wrapper\"><div class=\"vc_icon_element vc_icon_element-outer vc_icon_element-align-center vc_icon_element-have-style\"><div class=\"vc_icon_element-inner vc_icon_element-color-custom vc_icon_element-have-style-inner vc_icon_element-size-xl vc_icon_element-style-rounded-outline vc_icon_element-outline vc_icon_element-background-color-custom\"  style=\"border-color:#c48f56\"><span class=\"vc_icon_element-icon fas fa-user-tie\" style=\"color: !important\"><\/span><\/div><\/div>\n\t<div class=\"wpb_text_column wpb_content_element\" >\n\t\t<div class=\"wpb_wrapper\">\n\t\t\t<h6 style=\"text-align: center;\">PROFESIONALNOST<\/h6>\n<p style=\"text-align: center;\"><span style=\"font-size: 14px;\"><em><span style=\"font-weight: 300;\">Vrhunski odra\u0111en posao u le\u017eernom stilu.<\/span><\/em><\/span><\/p>\n\n\t\t<\/div>\n\t<\/div>\n<\/div><\/div><\/div><div class=\"wpb_column vc_column_container vc_col-sm-4\"><div class=\"vc_column-inner vc_custom_1505483984191\"><div class=\"wpb_wrapper\"><div class=\"vc_icon_element vc_icon_element-outer vc_icon_element-align-center vc_icon_element-have-style\"><div class=\"vc_icon_element-inner vc_icon_element-color-custom vc_icon_element-have-style-inner vc_icon_element-size-xl vc_icon_element-style-rounded-outline vc_icon_element-outline vc_icon_element-background-color-custom\"  style=\"border-color:#c48f56\"><span class=\"vc_icon_element-icon fas fa-theater-masks\" style=\"color: !important\"><\/span><\/div><\/div>\n\t<div class=\"wpb_text_column wpb_content_element\" >\n\t\t<div class=\"wpb_wrapper\">\n\t\t\t<h6 style=\"text-align: center;\">SAVR\u0160ENA KOMPOZICIJA<\/h6>\n<p style=\"text-align: center;\"><span style=\"font-size: 14px;\"><em><span style=\"font-weight: 300;\">If it\u2019s not perfect, it\u2019s not good.<\/span><\/em><\/span><\/p>\n\n\t\t<\/div>\n\t<\/div>\n<\/div><\/div><\/div><div class=\"wpb_column vc_column_container vc_col-sm-4\"><div class=\"vc_column-inner vc_custom_1505483989290\"><div class=\"wpb_wrapper\"><div class=\"vc_icon_element vc_icon_element-outer vc_icon_element-align-center vc_icon_element-have-style\"><div class=\"vc_icon_element-inner vc_icon_element-color-custom vc_icon_element-have-style-inner vc_icon_element-size-xl vc_icon_element-style-rounded-outline vc_icon_element-outline vc_icon_element-background-color-custom\"  style=\"border-color:#c48f56\"><span class=\"vc_icon_element-icon fas fa-shipping-fast\" style=\"color: !important\"><\/span><\/div><\/div>\n\t<div class=\"wpb_text_column wpb_content_element\" >\n\t\t<div class=\"wpb_wrapper\">\n\t\t\t<h6 style=\"text-align: center;\">BRZA ISPORUKA<\/h6>\n<p style=\"text-align: center;\"><span style=\"font-size: 14px;\"><em><span style=\"font-weight: 300;\">Isporuka u dogovoreno vrijeme, \u010desto i puno prije dogovorenog roka.<\/span><\/em><\/span><\/p>\n\n\t\t<\/div>\n\t<\/div>\n<\/div><\/div><\/div><div class=\"wpb_column vc_column_container vc_col-sm-12\"><div class=\"vc_column-inner\"><div class=\"wpb_wrapper\"><\/div><\/div><\/div><\/div><\/div><\/div><\/div><\/div><div class=\"vc_row wpb_row vc_row-fluid vc_row-6a087f30ccfb3\"><div class=\"wpb_animate_when_almost_visible wpb_fadeInUp fadeInUp wpb_column vc_column_container vc_col-sm-12 vc_row-6a087f30cd113\"><div class=\"vc_column-inner vc_custom_1506084158646\"><div class=\"wpb_wrapper\">      <div class=\"heading-block heading-5d67b80192474 tac h-h2 with-line vc_custom_1567078403778\">\n                  <h2 class=\"h\">Zadnje objave<\/h2>\n              <\/div>\n    <div class=\"blog-block\"><div class=\"blog-items load-wrap row blog-type-grid blog-59bf7029ecabc\"><article class=\"blog-item  category-38 with-image col-12 col-sm-4 col-md-4\"><div class=\"wrap\"><div class=\"img\" data-original=\"https:\/\/fotokreacija.com\/wp-content\/uploads\/2022\/12\/7R303560-Copy.jpg\"><a href=\"https:\/\/fotokreacija.com\/hr\/weddings\/tradicionalni-novogodisnji-popust\/\" style=\"background-image: url(https:\/\/fotokreacija.com\/wp-content\/uploads\/2022\/12\/7R303560-Copy-70x47.jpg);\"><\/a><\/div><div class=\"content\"><h5><a href=\"https:\/\/fotokreacija.com\/hr\/weddings\/tradicionalni-novogodisnji-popust\/\">Tradicionalni, novogodi\u0161nji popust<\/a><\/h5><div class=\"date\">09\/12\/2022<\/div><p>Tradiocionalni, novogodi\u0161nji popust produ\u017een do 31. sije\u010dnja 2023.\r\nPraznici, blagdani, vrijeme darivanja\u2026\r\n\r\n\u0160to to zna\u010di za Vas? Isprazno kupovanje bezveznih poklona ili ipak ne\u0161to drugo?\r\nK...<\/p><\/div><div class=\"clear\"><\/div><div class=\"bottom like-on comment-on\"><div class=\"col\"><a href=\"#\" class=\"zilla-likes\" id=\"zilla-likes-6606\" title=\"Like this\" data-postfix=\" like\"><i class=\"multimedia-icon-heart\"><\/i> <span>0 likes<\/span><\/a><\/div><div class=\"col\"><i class=\"multimedia-icon-speech-bubble-1\"><\/i> <a href=\"https:\/\/fotokreacija.com\/hr\/weddings\/tradicionalni-novogodisnji-popust\/#comments\">Nema komentara<\/a><\/div><\/div><\/div><\/article><article class=\"blog-item  category-38 with-image col-12 col-sm-4 col-md-4\"><div class=\"wrap\"><div class=\"img\" data-original=\"https:\/\/fotokreacija.com\/wp-content\/uploads\/2021\/12\/DSC06950.jpg\"><a href=\"https:\/\/fotokreacija.com\/hr\/weddings\/novogodisnji-popust\/\" style=\"background-image: url(https:\/\/fotokreacija.com\/wp-content\/uploads\/2021\/12\/DSC06950-70x47.jpg);\"><\/a><\/div><div class=\"content\"><h5><a href=\"https:\/\/fotokreacija.com\/hr\/weddings\/novogodisnji-popust\/\">Novogodi\u0161nji popust<\/a><\/h5><div class=\"date\">23\/12\/2021<\/div><p>Zbog velikog broja upita, promotivno razdoblje je produ\u017eeno do 31. sije\u010dnja 2022.!\r\nNastavljamo na\u0161u tradiciju, pa tako i ove godine darujemo sve Vas koji rezervirate datum za 2022. (ili kasni...<\/p><\/div><div class=\"clear\"><\/div><div class=\"bottom like-on comment-on\"><div class=\"col\"><a href=\"#\" class=\"zilla-likes\" id=\"zilla-likes-5152\" title=\"Like this\" data-postfix=\" like\"><i class=\"multimedia-icon-heart\"><\/i> <span>0 likes<\/span><\/a><\/div><div class=\"col\"><i class=\"multimedia-icon-speech-bubble-1\"><\/i> <a href=\"https:\/\/fotokreacija.com\/hr\/weddings\/novogodisnji-popust\/#comments\">Nema komentara<\/a><\/div><\/div><\/div><\/article><article class=\"blog-item  category-36 category-35 with-image col-12 col-sm-4 col-md-4\"><div class=\"wrap\"><div class=\"img\" data-original=\"https:\/\/fotokreacija.com\/wp-content\/uploads\/2021\/01\/1.jpg\"><a href=\"https:\/\/fotokreacija.com\/hr\/travel\/dubrovnik\/\" style=\"background-image: url(https:\/\/fotokreacija.com\/wp-content\/uploads\/2021\/01\/1-70x47.jpg);\"><\/a><\/div><div class=\"content\"><h5><a href=\"https:\/\/fotokreacija.com\/hr\/travel\/dubrovnik\/\">Dubrovnik<\/a><\/h5><div class=\"date\">01\/02\/2021<\/div><p>Dubrovnik, meni osobno najljep\u0161i hrvatski grad ostao je u lijepom sje\u0107anju i danas.\r\n\r\n\u0160etati njime poseban je do\u017eivljaj, dive\u0107i se ovoj divnoj arhitekturi iz pro\u0161losti.\r\n\r\nBilo je to jo\u0161 prij...<\/p><\/div><div class=\"clear\"><\/div><div class=\"bottom like-on comment-on\"><div class=\"col\"><a href=\"#\" class=\"zilla-likes\" id=\"zilla-likes-4620\" title=\"Like this\" data-postfix=\" like\"><i class=\"multimedia-icon-heart\"><\/i> <span>0 likes<\/span><\/a><\/div><div class=\"col\"><i class=\"multimedia-icon-speech-bubble-1\"><\/i> <a href=\"https:\/\/fotokreacija.com\/hr\/travel\/dubrovnik\/#comments\">Nema komentara<\/a><\/div><\/div><\/div><\/article><\/div><\/div><\/div><\/div><\/div><\/div>\n<\/div>","protected":false},"excerpt":{"rendered":"Dubrovnik, meni osobno najljep\u0161i hrvatski grad ostao je u lijepom sje\u0107anju i danas. \u0160etati njime poseban je do\u017eivljaj, dive\u0107i se ovoj divnoj arhitekturi iz pro\u0161losti. Bilo je to jo\u0161 prije 6 godina, nekoliko toplih\u00a0 proljetnih dana koji su moje fotografske strasti upotpunili odli\u010dnim svjetlom i lijepim kadrovima. Ve\u0107 prilikom slijetanja ukazao se predivan pogled na [...]","protected":false},"author":2,"featured_media":0,"parent":0,"menu_order":0,"comment_status":"closed","ping_status":"closed","template":"template-landing.php","meta":{"_acf_changed":false,"footnotes":""},"acf":[],"_links":{"self":[{"href":"https:\/\/fotokreacija.com\/hr\/wp-json\/wp\/v2\/pages\/705"}],"collection":[{"href":"https:\/\/fotokreacija.com\/hr\/wp-json\/wp\/v2\/pages"}],"about":[{"href":"https:\/\/fotokreacija.com\/hr\/wp-json\/wp\/v2\/types\/page"}],"author":[{"embeddable":true,"href":"https:\/\/fotokreacija.com\/hr\/wp-json\/wp\/v2\/users\/2"}],"replies":[{"embeddable":true,"href":"https:\/\/fotokreacija.com\/hr\/wp-json\/wp\/v2\/comments?post=705"}],"version-history":[{"count":14,"href":"https:\/\/fotokreacija.com\/hr\/wp-json\/wp\/v2\/pages\/705\/revisions"}],"predecessor-version":[{"id":4634,"href":"https:\/\/fotokreacija.com\/hr\/wp-json\/wp\/v2\/pages\/705\/revisions\/4634"}],"wp:attachment":[{"href":"https:\/\/fotokreacija.com\/hr\/wp-json\/wp\/v2\/media?parent=705"}],"curies":[{"name":"wp","href":"https:\/\/api.w.org\/{rel}","templated":true}]}}