{"id":3170,"date":"2020-06-18T00:51:30","date_gmt":"2020-06-17T22:51:30","guid":{"rendered":"http:\/\/fotokreacija.com\/?page_id=3170"},"modified":"2023-03-25T09:32:13","modified_gmt":"2023-03-25T08:32:13","slug":"blog","status":"publish","type":"page","link":"https:\/\/fotokreacija.com\/hr\/blog\/","title":{"rendered":"Blog"},"content":{"rendered":"<div class=\"wpb-content-wrapper\"><div class=\"vc_row wpb_row vc_row-fluid vc_row-69e622e02be5c\"><div class=\"wpb_column vc_column_container vc_col-sm-12 vc_row-69e622e02c652\"><div class=\"vc_column-inner\"><div class=\"wpb_wrapper\"><h4 style=\"text-align: left\" class=\"vc_custom_heading wpb_animate_when_almost_visible wpb_slideInRight slideInRight\" >Blog<\/h4><div class=\"vc_separator wpb_content_element vc_separator_align_center vc_sep_width_100 vc_sep_pos_align_center vc_separator_no_text vc_sep_color_grey\" ><span class=\"vc_sep_holder vc_sep_holder_l\"><span class=\"vc_sep_line\"><\/span><\/span><span class=\"vc_sep_holder vc_sep_holder_r\"><span class=\"vc_sep_line\"><\/span><\/span>\n<\/div><div class=\"blog-block\"><div class=\"filter-button-group tac\"><button data-filter=\"*\" class=\"active\">All<\/button><button data-filter=\".category-34\">Nagrade<\/button><button data-filter=\".category-36\">Arhitektura<\/button><button data-filter=\".category-37\">\u017divotinje<\/button><button data-filter=\".category-35\">Travel<\/button><button data-filter=\".category-38\">Vjen\u010danja<\/button><\/div><div class=\"blog-items load-wrap row blog-type-horizontal blog-5eea9f49a9e3f\"><article class=\"blog-item  category-38 with-image col-12\"><div class=\"wrap\"><div class=\"img\" data-original=\"https:\/\/fotokreacija.com\/wp-content\/uploads\/2022\/12\/7R303560-Copy.jpg\"><a href=\"https:\/\/fotokreacija.com\/hr\/weddings\/tradicionalni-novogodisnji-popust\/\" style=\"background-image: url(https:\/\/fotokreacija.com\/wp-content\/uploads\/2022\/12\/7R303560-Copy-70x47.jpg);\"><\/a><\/div><div class=\"content\"><h5><a href=\"https:\/\/fotokreacija.com\/hr\/weddings\/tradicionalni-novogodisnji-popust\/\">Tradicionalni, novogodi\u0161nji popust<\/a><\/h5><div class=\"date\">09\/12\/2022<\/div><p>Tradiocionalni, novogodi\u0161nji popust produ\u017een do 31. sije\u010dnja 2023.\r\nPraznici, blagdani, vrijeme darivanja\u2026\r\n\r\n\u0160to to zna\u010di za Vas? Isprazno kupovanje bezveznih poklona ili ipak ne\u0161to drugo?\r\nKad ste zadnji put sebi poklonili ne\u0161to zaista vrijedno?\r\nNe mislimo na ne\u0161to prolazno, ve\u0107 na ne\u0161to \u0161to ne\u0107e uvenuti, pokvarit se, ne\u0161to \u0161to \u0107ete imati za cijeli \u017eivot!\r\nJeste li svjesni koliko zna\u010di imati trajno zabilje\u017eenu uspomenu, onu vizualnu, koju biste ...<\/p><a href=\"https:\/\/fotokreacija.com\/hr\/weddings\/tradicionalni-novogodisnji-popust\/\" class=\"button-style2\">Read More<\/a><\/div><div class=\"clear\"><\/div><div class=\"bottom like-on comment-off\"><div class=\"col\"><a href=\"#\" class=\"zilla-likes\" id=\"zilla-likes-6606\" title=\"Like this\" data-postfix=\" like\"><i class=\"multimedia-icon-heart\"><\/i> <span>0 likes<\/span><\/a><\/div><\/div><\/div><\/article><article class=\"blog-item  category-38 with-image col-12\"><div class=\"wrap\"><div class=\"img\" data-original=\"https:\/\/fotokreacija.com\/wp-content\/uploads\/2021\/12\/DSC06950.jpg\"><a href=\"https:\/\/fotokreacija.com\/hr\/weddings\/novogodisnji-popust\/\" style=\"background-image: url(https:\/\/fotokreacija.com\/wp-content\/uploads\/2021\/12\/DSC06950-70x47.jpg);\"><\/a><\/div><div class=\"content\"><h5><a href=\"https:\/\/fotokreacija.com\/hr\/weddings\/novogodisnji-popust\/\">Novogodi\u0161nji popust<\/a><\/h5><div class=\"date\">23\/12\/2021<\/div><p>Zbog velikog broja upita, promotivno razdoblje je produ\u017eeno do 31. sije\u010dnja 2022.!\r\nNastavljamo na\u0161u tradiciju, pa tako i ove godine darujemo sve Vas koji rezervirate datum za 2022. (ili kasnije) s popustom od 10% na sve na\u0161e vjen\u010dane foto i video pakte.\r\n\r\nPopust se ne odnosi na opcije i doplate, a vrijedi do 16. sije\u010dnja 2022.\r\n\r\nObratite nam se s povjerenjem i rezervirajte svoj datum na vrijeme.\r\n\r\nSvima Vama \u017eelimo \u010destit Bo\u017ei\u0107 i sretnu i uspje...<\/p><a href=\"https:\/\/fotokreacija.com\/hr\/weddings\/novogodisnji-popust\/\" class=\"button-style2\">Read More<\/a><\/div><div class=\"clear\"><\/div><div class=\"bottom like-on comment-off\"><div class=\"col\"><a href=\"#\" class=\"zilla-likes\" id=\"zilla-likes-5152\" title=\"Like this\" data-postfix=\" like\"><i class=\"multimedia-icon-heart\"><\/i> <span>0 likes<\/span><\/a><\/div><\/div><\/div><\/article><article class=\"blog-item  category-36 category-35 with-image col-12\"><div class=\"wrap\"><div class=\"img\" data-original=\"https:\/\/fotokreacija.com\/wp-content\/uploads\/2021\/01\/1.jpg\"><a href=\"https:\/\/fotokreacija.com\/hr\/travel\/dubrovnik\/\" style=\"background-image: url(https:\/\/fotokreacija.com\/wp-content\/uploads\/2021\/01\/1-70x47.jpg);\"><\/a><\/div><div class=\"content\"><h5><a href=\"https:\/\/fotokreacija.com\/hr\/travel\/dubrovnik\/\">Dubrovnik<\/a><\/h5><div class=\"date\">01\/02\/2021<\/div><p>Dubrovnik, meni osobno najljep\u0161i hrvatski grad ostao je u lijepom sje\u0107anju i danas.\r\n\r\n\u0160etati njime poseban je do\u017eivljaj, dive\u0107i se ovoj divnoj arhitekturi iz pro\u0161losti.\r\n\r\nBilo je to jo\u0161 prije 6 godina, nekoliko toplih\u00a0 proljetnih dana koji su moje fotografske strasti upotpunili odli\u010dnim svjetlom i lijepim kadrovima.\r\n\r\nVe\u0107 prilikom slijetanja ukazao se predivan pogled na grad!\r\n\r\n\r\n\r\nModro crvena kombinacija i pogled s vidikovca ujutro.\r\n\r\n\r\n\r\n\r\n...<\/p><a href=\"https:\/\/fotokreacija.com\/hr\/travel\/dubrovnik\/\" class=\"button-style2\">Read More<\/a><\/div><div class=\"clear\"><\/div><div class=\"bottom like-on comment-off\"><div class=\"col\"><a href=\"#\" class=\"zilla-likes\" id=\"zilla-likes-4620\" title=\"Like this\" data-postfix=\" like\"><i class=\"multimedia-icon-heart\"><\/i> <span>0 likes<\/span><\/a><\/div><\/div><\/div><\/article><article class=\"blog-item  category-38 with-image col-12\"><div class=\"wrap\"><div class=\"img\" data-original=\"https:\/\/fotokreacija.com\/wp-content\/uploads\/2020\/12\/Popust-1.jpg\"><a href=\"https:\/\/fotokreacija.com\/hr\/weddings\/popust-za-mladence\/\" style=\"background-image: url(https:\/\/fotokreacija.com\/wp-content\/uploads\/2020\/12\/Popust-1-70x47.jpg);\"><\/a><\/div><div class=\"content\"><h5><a href=\"https:\/\/fotokreacija.com\/hr\/weddings\/popust-za-mladence\/\">Popust za mladence<\/a><\/h5><div class=\"date\">25\/12\/2020<\/div><p>Fotokreacija, kao i prija\u0161njih godina, povodom blagdana tradicionalno daruje popuste na fotografske pakete u iznosu od 10%, a ukoliko se uz iste odlu\u010dite i za video pakete, darujemo Vam 15% popusta!\r\n\r\nPopusti vrijede do 31.1.2021.\r\n\r\nSvima dosada\u0161njim kao i budu\u0107im partnerima i klijentima \u017eelimo \u010destit Bo\u017ei\u0107 i sretnu novu 2021. godinu.\r\n\r\n&nbsp;\r\n\r\n  \r\n\r\n \u00a0 \u00a0 \u00a0 \u00a0 <\/p><a href=\"https:\/\/fotokreacija.com\/hr\/weddings\/popust-za-mladence\/\" class=\"button-style2\">Read More<\/a><\/div><div class=\"clear\"><\/div><div class=\"bottom like-on comment-off\"><div class=\"col\"><a href=\"#\" class=\"zilla-likes\" id=\"zilla-likes-4504\" title=\"Like this\" data-postfix=\" like\"><i class=\"multimedia-icon-heart\"><\/i> <span>0 likes<\/span><\/a><\/div><\/div><\/div><\/article><\/div><div class=\"load-button tac\"><a href=\"#\" data-array=\"[{&quot;id&quot;:4448,&quot;cat&quot;:[37]},{&quot;id&quot;:3871,&quot;cat&quot;:[36,35]},{&quot;id&quot;:3856,&quot;cat&quot;:[34]}]\" data-count=\"4\" data-atts=\"{&quot;uniqid&quot;:&quot;5eea9f49a9e3f&quot;,&quot;count_items&quot;:&quot;4&quot;,&quot;type&quot;:&quot;horizontal&quot;,&quot;cols&quot;:&quot;3&quot;,&quot;desc_size&quot;:&quot;&quot;,&quot;filter_buttons&quot;:&quot;on&quot;,&quot;filter_buttons_align&quot;:&quot;tac&quot;,&quot;navigation&quot;:&quot;load_more&quot;,&quot;show_image&quot;:&quot;on&quot;,&quot;show_date&quot;:&quot;on&quot;,&quot;show_heading&quot;:&quot;on&quot;,&quot;show_desc&quot;:&quot;on&quot;,&quot;show_like&quot;:&quot;on&quot;,&quot;show_comments&quot;:&quot;off&quot;,&quot;show_read_more&quot;:&quot;on&quot;,&quot;show_author&quot;:&quot;off&quot;,&quot;orderby&quot;:&quot;date&quot;,&quot;order&quot;:&quot;DESC&quot;,&quot;source&quot;:&quot;categories&quot;,&quot;items&quot;:&quot;&quot;,&quot;categories&quot;:&quot;34,36,37,35,38&quot;,&quot;id&quot;:4504}\" class=\"button-style1 loadmore-button\"><span>Load More<\/span><\/a><\/div><\/div><\/div><\/div><\/div><\/div>\n<\/div>","protected":false},"excerpt":{"rendered":"Fotokreacija, kao i prija\u0161njih godina, povodom blagdana tradicionalno daruje popuste na fotografske pakete u iznosu od 10%, a ukoliko se uz iste odlu\u010dite i za video pakete, darujemo Vam 15% popusta! Popusti vrijede do 31.1.2021. Svima dosada\u0161njim kao i budu\u0107im partnerima i klijentima \u017eelimo \u010destit Bo\u017ei\u0107 i sretnu novu 2021. godinu. &nbsp; \u00a0 \u00a0 \u00a0 [...]","protected":false},"author":2,"featured_media":0,"parent":0,"menu_order":0,"comment_status":"closed","ping_status":"closed","template":"template-landing.php","meta":{"_acf_changed":false,"footnotes":""},"acf":[],"_links":{"self":[{"href":"https:\/\/fotokreacija.com\/hr\/wp-json\/wp\/v2\/pages\/3170"}],"collection":[{"href":"https:\/\/fotokreacija.com\/hr\/wp-json\/wp\/v2\/pages"}],"about":[{"href":"https:\/\/fotokreacija.com\/hr\/wp-json\/wp\/v2\/types\/page"}],"author":[{"embeddable":true,"href":"https:\/\/fotokreacija.com\/hr\/wp-json\/wp\/v2\/users\/2"}],"replies":[{"embeddable":true,"href":"https:\/\/fotokreacija.com\/hr\/wp-json\/wp\/v2\/comments?post=3170"}],"version-history":[{"count":11,"href":"https:\/\/fotokreacija.com\/hr\/wp-json\/wp\/v2\/pages\/3170\/revisions"}],"predecessor-version":[{"id":9952,"href":"https:\/\/fotokreacija.com\/hr\/wp-json\/wp\/v2\/pages\/3170\/revisions\/9952"}],"wp:attachment":[{"href":"https:\/\/fotokreacija.com\/hr\/wp-json\/wp\/v2\/media?parent=3170"}],"curies":[{"name":"wp","href":"https:\/\/api.w.org\/{rel}","templated":true}]}}